{"id":216,"date":"2015-01-25T15:46:52","date_gmt":"2015-01-25T14:46:52","guid":{"rendered":"https:\/\/id.apaczai.elte.hu\/?page_id=216"},"modified":"2019-04-26T22:36:08","modified_gmt":"2019-04-26T21:36:08","slug":"diakkormany","status":"publish","type":"page","link":"https:\/\/id.apaczai.elte.hu\/?page_id=216","title":{"rendered":"Vezet\u0151s\u00e9g"},"content":{"rendered":"<h2 style=\"text-align: left;\">F\u00f6ldi Teodor &#8211; Eln\u00f6k<\/h2>\n<p style=\"text-align: justify;\">Az oldal jelenleg, fris\u00edt\u00e9sre v\u00e1r, amint tudjuk, felt\u00f6ltj\u00fck az inform\u00e1ci\u00f3t.<br \/>\n<a href=\"https:\/\/www.facebook.com\/teodor.foldi.7\">Facebook<\/a><br \/>\nEmail: teo.foldi@gmail.com<strong><br \/>\n<\/strong><\/p>\n<h2 style=\"text-align: center;\"><\/h2>\n<h2 style=\"text-align: left;\">Dolgos L\u00e1szl\u00f3 &#8211; Aleln\u00f6k<\/h2>\n<p style=\"text-align: left;\">\n<div class=\"_5wd4 _1nc7\">\n<div class=\"._1dlq _h8t\">\n<div class=\"_5wd9 direction_ltr\">\n<div class=\"_1e-x _n4o\">\n<div class=\"_3_bl\">\n<div class=\"_5w1r _3_om _5wdf\">\n<div class=\"_4gx_\">\n<div class=\"clearfix _o46 _3erg _29_7 direction_ltr text_align_ltr\"><span class=\"_5yl5\">Sziasztok! Dolgos L\u00e1szl\u00f3 vagyok, 10.B-s tanul\u00f3. Az elm\u00falt \u00e9vben \u00e9n vezettem a di\u00e1k\u00f6nkorm\u00e1nyzatot. Jelenleg, a F\u00f6ldi-korszak alatt \u00e9n aleln\u00f6kk\u00e9nt, \u00e9s p\u00e1rttitk\u00e1rk\u00e9nt tev\u00e9kenykedek.<\/span><\/div>\n<div class=\"clearfix _o46 _3erg _29_7 direction_ltr text_align_ltr\"><\/div>\n<div class=\"clearfix _o46 _3erg _29_7 direction_ltr text_align_ltr\"><a href=\"https:\/\/www.facebook.com\/laszloivandolgos\">Facebook<\/a><\/div>\n<\/div>\n<\/div>\n<\/div>\n<\/div>\n<\/div>\n<\/div>\n<\/div>\n<div class=\"clearfix _o46 _3erg _29_7 direction_ltr text_align_ltr\">Email: <span class=\"_5yl5\">laszlo.dolgos@gmail.com<\/span><\/div>\n","protected":false},"excerpt":{"rendered":"<p>F\u00f6ldi Teodor &#8211; Eln\u00f6k Az oldal jelenleg, fris\u00edt\u00e9sre v\u00e1r, amint tudjuk, felt\u00f6ltj\u00fck az inform\u00e1ci\u00f3t. Facebook Email: teo.foldi@gmail.com Dolgos L\u00e1szl\u00f3 &#8211; Aleln\u00f6k Sziasztok! Dolgos L\u00e1szl\u00f3 vagyok, 10.B-s tanul\u00f3. Az elm\u00falt \u00e9vben \u00e9n vezettem a di\u00e1k\u00f6nkorm\u00e1nyzatot. Jelenleg, a F\u00f6ldi-korszak alatt \u00e9n aleln\u00f6kk\u00e9nt, \u00e9s p\u00e1rttitk\u00e1rk\u00e9nt tev\u00e9kenykedek. Facebook Email: laszlo.dolgos@gmail.com<\/p>\n","protected":false},"author":7,"featured_media":0,"parent":0,"menu_order":0,"comment_status":"open","ping_status":"open","template":"page-templates\/full-width-page.php","meta":{"_bbp_topic_count":0,"_bbp_reply_count":0,"_bbp_total_topic_count":0,"_bbp_total_reply_count":0,"_bbp_voice_count":0,"_bbp_anonymous_reply_count":0,"_bbp_topic_count_hidden":0,"_bbp_reply_count_hidden":0,"_bbp_forum_subforum_count":0,"spay_email":""},"jetpack_sharing_enabled":true,"jetpack_shortlink":"https:\/\/wp.me\/PatXDA-3u","jetpack_likes_enabled":true,"_links":{"self":[{"href":"https:\/\/id.apaczai.elte.hu\/index.php?rest_route=\/wp\/v2\/pages\/216"}],"collection":[{"href":"https:\/\/id.apaczai.elte.hu\/index.php?rest_route=\/wp\/v2\/pages"}],"about":[{"href":"https:\/\/id.apaczai.elte.hu\/index.php?rest_route=\/wp\/v2\/types\/page"}],"author":[{"embeddable":true,"href":"https:\/\/id.apaczai.elte.hu\/index.php?rest_route=\/wp\/v2\/users\/7"}],"replies":[{"embeddable":true,"href":"https:\/\/id.apaczai.elte.hu\/index.php?rest_route=%2Fwp%2Fv2%2Fcomments&post=216"}],"version-history":[{"count":68,"href":"https:\/\/id.apaczai.elte.hu\/index.php?rest_route=\/wp\/v2\/pages\/216\/revisions"}],"predecessor-version":[{"id":7397,"href":"https:\/\/id.apaczai.elte.hu\/index.php?rest_route=\/wp\/v2\/pages\/216\/revisions\/7397"}],"wp:attachment":[{"href":"https:\/\/id.apaczai.elte.hu\/index.php?rest_route=%2Fwp%2Fv2%2Fmedia&parent=216"}],"curies":[{"name":"wp","href":"https:\/\/api.w.org\/{rel}","templated":true}]}}