{"id":36,"date":"2014-08-16T17:59:04","date_gmt":"2014-08-16T16:59:04","guid":{"rendered":"http:\/\/apaczaiid.wordpress.com\/?page_id=36"},"modified":"2017-03-12T11:38:04","modified_gmt":"2017-03-12T10:38:04","slug":"dokumentumok","status":"publish","type":"page","link":"https:\/\/id.apaczai.elte.hu\/?page_id=36","title":{"rendered":"Dokumentumok"},"content":{"rendered":"<h1>ID-s dokumentumok<\/h1>\n<p>Minden ID-vel kapcsolatos ny\u00edlv\u00e1nos dokumentum az al\u00e1bbi linken \u00e9rhet\u0151 el: <a href=\"https:\/\/drive.google.com\/open?id=0B1-OUZl60gekWmZhY09qdU5leFk\">https:\/\/drive.google.com\/open?id=0B1-OUZl60gekWmZhY09qdU5leFk<\/a><\/p>\n<h1>Iskolai dokumentumok<\/h1>\n<p>Az iskola dokumentumai az al\u00e1bbi linken \u00e9rhet\u0151k el: <a href=\"http:\/\/www.apaczai.elte.hu\/?fomenu=iskolankrol&#038;cikk=iskolai_dokumentumok\">http:\/\/www.apaczai.elte.hu\/?fomenu=iskolankrol&#038;cikk=iskolai_dokumentumok<\/a><\/p>\n","protected":false},"excerpt":{"rendered":"<p>ID-s dokumentumok Minden ID-vel kapcsolatos ny\u00edlv\u00e1nos dokumentum az al\u00e1bbi linken \u00e9rhet\u0151 el: https:\/\/drive.google.com\/open?id=0B1-OUZl60gekWmZhY09qdU5leFk Iskolai dokumentumok Az iskola dokumentumai az al\u00e1bbi linken \u00e9rhet\u0151k el: http:\/\/www.apaczai.elte.hu\/?fomenu=iskolankrol&#038;cikk=iskolai_dokumentumok<\/p>\n","protected":false},"author":7,"featured_media":0,"parent":0,"menu_order":6,"comment_status":"open","ping_status":"closed","template":"","meta":{"_bbp_topic_count":0,"_bbp_reply_count":0,"_bbp_total_topic_count":0,"_bbp_total_reply_count":0,"_bbp_voice_count":0,"_bbp_anonymous_reply_count":0,"_bbp_topic_count_hidden":0,"_bbp_reply_count_hidden":0,"_bbp_forum_subforum_count":0,"spay_email":""},"jetpack_sharing_enabled":true,"jetpack_shortlink":"https:\/\/wp.me\/PatXDA-A","jetpack_likes_enabled":true,"_links":{"self":[{"href":"https:\/\/id.apaczai.elte.hu\/index.php?rest_route=\/wp\/v2\/pages\/36"}],"collection":[{"href":"https:\/\/id.apaczai.elte.hu\/index.php?rest_route=\/wp\/v2\/pages"}],"about":[{"href":"https:\/\/id.apaczai.elte.hu\/index.php?rest_route=\/wp\/v2\/types\/page"}],"author":[{"embeddable":true,"href":"https:\/\/id.apaczai.elte.hu\/index.php?rest_route=\/wp\/v2\/users\/7"}],"replies":[{"embeddable":true,"href":"https:\/\/id.apaczai.elte.hu\/index.php?rest_route=%2Fwp%2Fv2%2Fcomments&post=36"}],"version-history":[{"count":10,"href":"https:\/\/id.apaczai.elte.hu\/index.php?rest_route=\/wp\/v2\/pages\/36\/revisions"}],"predecessor-version":[{"id":7091,"href":"https:\/\/id.apaczai.elte.hu\/index.php?rest_route=\/wp\/v2\/pages\/36\/revisions\/7091"}],"wp:attachment":[{"href":"https:\/\/id.apaczai.elte.hu\/index.php?rest_route=%2Fwp%2Fv2%2Fmedia&parent=36"}],"curies":[{"name":"wp","href":"https:\/\/api.w.org\/{rel}","templated":true}]}}